{"id":2844,"date":"2016-03-24T12:57:35","date_gmt":"2016-03-24T12:57:35","guid":{"rendered":"https:\/\/electro.madrasthemes.com\/?page_id=2844"},"modified":"2016-03-24T12:57:35","modified_gmt":"2016-03-24T12:57:35","slug":"store-directory","status":"publish","type":"page","link":"https:\/\/taceart.com\/boutique\/store-directory\/","title":{"rendered":"Store Directory"},"content":{"rendered":"\t\t<div class=\"electro-store-directory clearfix\">\n\t\t\t<hr class=\"no-margin\">\n\t\t\t<div class=\"widget woocommerce widget_product_categories\"><h2 class=\"widgettitle\">Cat\u00e9gories de produits<\/h2><ul class=\"product-categories\"><li class=\"cat-item cat-item-378 cat-parent\"><a href=\"https:\/\/taceart.com\/boutique\/categorie-produit\/alimentation-et-boissons\/\">Alimentation et Boissons<\/a><ul class='children'>\n<li class=\"cat-item cat-item-379\"><a href=\"https:\/\/taceart.com\/boutique\/categorie-produit\/alimentation-et-boissons\/epicerie-fine\/\">\u00c9picerie fine<\/a><\/li>\n<li class=\"cat-item cat-item-382\"><a href=\"https:\/\/taceart.com\/boutique\/categorie-produit\/alimentation-et-boissons\/nourriture-pour-animaux\/\">Nourriture pour animaux<\/a><\/li>\n<li class=\"cat-item cat-item-380\"><a href=\"https:\/\/taceart.com\/boutique\/categorie-produit\/alimentation-et-boissons\/produits-bio-et-naturels\/\">Produits bio et naturels<\/a><\/li>\n<li class=\"cat-item cat-item-381\"><a href=\"https:\/\/taceart.com\/boutique\/categorie-produit\/alimentation-et-boissons\/vins-et-spiritueux\/\">Vins et spiritueux<\/a><\/li>\n<\/ul>\n<\/li>\n<li class=\"cat-item cat-item-388 cat-parent\"><a href=\"https:\/\/taceart.com\/boutique\/categorie-produit\/auto-et-moto\/\">Auto et Moto<\/a><ul class='children'>\n<li class=\"cat-item cat-item-390\"><a href=\"https:\/\/taceart.com\/boutique\/categorie-produit\/auto-et-moto\/accessoires-auto-moto\/\">Accessoires auto\/moto<\/a><\/li>\n<li class=\"cat-item cat-item-391\"><a href=\"https:\/\/taceart.com\/boutique\/categorie-produit\/auto-et-moto\/gps-et-systemes-audio\/\">GPS et syst\u00e8mes audio<\/a><\/li>\n<li class=\"cat-item cat-item-389\"><a href=\"https:\/\/taceart.com\/boutique\/categorie-produit\/auto-et-moto\/pieces-detachees\/\">Pi\u00e8ces d\u00e9tach\u00e9es<\/a><\/li>\n<li class=\"cat-item cat-item-392\"><a href=\"https:\/\/taceart.com\/boutique\/categorie-produit\/auto-et-moto\/pneus\/\">Pneus<\/a><\/li>\n<\/ul>\n<\/li>\n<li class=\"cat-item cat-item-373 cat-parent\"><a href=\"https:\/\/taceart.com\/boutique\/categorie-produit\/beaute-et-sante\/\">Beaut\u00e9 et Sant\u00e9<\/a><ul class='children'>\n<li class=\"cat-item cat-item-377\"><a href=\"https:\/\/taceart.com\/boutique\/categorie-produit\/beaute-et-sante\/bien-etre\/\">Bien-\u00eatre<\/a><\/li>\n<li class=\"cat-item cat-item-374\"><a href=\"https:\/\/taceart.com\/boutique\/categorie-produit\/beaute-et-sante\/cosmetiques\/\">Cosm\u00e9tiques<\/a><\/li>\n<li class=\"cat-item cat-item-375\"><a href=\"https:\/\/taceart.com\/boutique\/categorie-produit\/beaute-et-sante\/parfumerie\/\">Parfumerie<\/a><\/li>\n<li class=\"cat-item cat-item-376\"><a href=\"https:\/\/taceart.com\/boutique\/categorie-produit\/beaute-et-sante\/produits-de-sante\/\">Produits de sant\u00e9<\/a><\/li>\n<\/ul>\n<\/li>\n<li class=\"cat-item cat-item-369 cat-parent\"><a href=\"https:\/\/taceart.com\/boutique\/categorie-produit\/electromenager\/\">\u00c9lectrom\u00e9nager<\/a><ul class='children'>\n<li class=\"cat-item cat-item-372\"><a href=\"https:\/\/taceart.com\/boutique\/categorie-produit\/electromenager\/cuisine\/\">Cuisine<\/a><\/li>\n<li class=\"cat-item cat-item-370\"><a href=\"https:\/\/taceart.com\/boutique\/categorie-produit\/electromenager\/gros-electromenager\/\">Gros \u00e9lectrom\u00e9nager<\/a><\/li>\n<li class=\"cat-item cat-item-371\"><a href=\"https:\/\/taceart.com\/boutique\/categorie-produit\/electromenager\/petit-electromenager\/\">Petit \u00e9lectrom\u00e9nager<\/a><\/li>\n<\/ul>\n<\/li>\n<li class=\"cat-item cat-item-398 cat-parent\"><a href=\"https:\/\/taceart.com\/boutique\/categorie-produit\/enfants-et-bebes\/\">Enfants et B\u00e9b\u00e9s<\/a><ul class='children'>\n<li class=\"cat-item cat-item-400\"><a href=\"https:\/\/taceart.com\/boutique\/categorie-produit\/enfants-et-bebes\/jouets-et-jeux-educatifs\/\">Jouets et jeux \u00e9ducatifs<\/a><\/li>\n<li class=\"cat-item cat-item-401\"><a href=\"https:\/\/taceart.com\/boutique\/categorie-produit\/enfants-et-bebes\/poussettes-et-accessoires-de-puericulture\/\">Poussettes et accessoires de pu\u00e9riculture<\/a><\/li>\n<li class=\"cat-item cat-item-399\"><a href=\"https:\/\/taceart.com\/boutique\/categorie-produit\/enfants-et-bebes\/vetements-bebe-et-enfant\/\">V\u00eatements b\u00e9b\u00e9 et enfant<\/a><\/li>\n<\/ul>\n<\/li>\n<li class=\"cat-item cat-item-393 cat-parent\"><a href=\"https:\/\/taceart.com\/boutique\/categorie-produit\/livres-musique-et-multimedia\/\">Livres, Musique et Multim\u00e9dia<\/a><ul class='children'>\n<li class=\"cat-item cat-item-396\"><a href=\"https:\/\/taceart.com\/boutique\/categorie-produit\/livres-musique-et-multimedia\/films-et-series\/\">Films et S\u00e9ries<\/a><\/li>\n<li class=\"cat-item cat-item-394\"><a href=\"https:\/\/taceart.com\/boutique\/categorie-produit\/livres-musique-et-multimedia\/livres-et-ebooks\/\">Livres et eBooks<\/a><\/li>\n<li class=\"cat-item cat-item-397\"><a href=\"https:\/\/taceart.com\/boutique\/categorie-produit\/livres-musique-et-multimedia\/logiciels-et-applications\/\">Logiciels et Applications<\/a><\/li>\n<li class=\"cat-item cat-item-395\"><a href=\"https:\/\/taceart.com\/boutique\/categorie-produit\/livres-musique-et-multimedia\/musique-et-instruments\/\">Musique et Instruments<\/a><\/li>\n<\/ul>\n<\/li>\n<li class=\"cat-item cat-item-363 cat-parent\"><a href=\"https:\/\/taceart.com\/boutique\/categorie-produit\/maison-et-jardin\/\">Maison et Jardin<\/a><ul class='children'>\n<li class=\"cat-item cat-item-365\"><a href=\"https:\/\/taceart.com\/boutique\/categorie-produit\/maison-et-jardin\/decoration-interieure\/\">D\u00e9coration int\u00e9rieure<\/a><\/li>\n<li class=\"cat-item cat-item-367\"><a href=\"https:\/\/taceart.com\/boutique\/categorie-produit\/maison-et-jardin\/jardinage\/\">Jardinage<\/a><\/li>\n<li class=\"cat-item cat-item-368\"><a href=\"https:\/\/taceart.com\/boutique\/categorie-produit\/maison-et-jardin\/luminaires\/\">Luminaires<\/a><\/li>\n<li class=\"cat-item cat-item-364\"><a href=\"https:\/\/taceart.com\/boutique\/categorie-produit\/maison-et-jardin\/mobilier\/\">Mobilier<\/a><\/li>\n<li class=\"cat-item cat-item-366\"><a href=\"https:\/\/taceart.com\/boutique\/categorie-produit\/maison-et-jardin\/outils-et-bricolage\/\">Outils et Bricolage<\/a><\/li>\n<\/ul>\n<\/li>\n<li class=\"cat-item cat-item-352 cat-parent\"><a href=\"https:\/\/taceart.com\/boutique\/categorie-produit\/mode-et-accessoires\/\">Mode et Accessoires<\/a><ul class='children'>\n<li class=\"cat-item cat-item-355\"><a href=\"https:\/\/taceart.com\/boutique\/categorie-produit\/mode-et-accessoires\/accessoires\/\">Accessoires<\/a><\/li>\n<li class=\"cat-item cat-item-354\"><a href=\"https:\/\/taceart.com\/boutique\/categorie-produit\/mode-et-accessoires\/chaussures\/\">Chaussures<\/a><\/li>\n<li class=\"cat-item cat-item-356\"><a href=\"https:\/\/taceart.com\/boutique\/categorie-produit\/mode-et-accessoires\/sportswear\/\">Sportswear<\/a><\/li>\n<li class=\"cat-item cat-item-353\"><a href=\"https:\/\/taceart.com\/boutique\/categorie-produit\/mode-et-accessoires\/vetements\/\">V\u00eatements<\/a><\/li>\n<\/ul>\n<\/li>\n<li class=\"cat-item cat-item-15\"><a href=\"https:\/\/taceart.com\/boutique\/categorie-produit\/non-classe\/\">Non class\u00e9<\/a><\/li>\n<li class=\"cat-item cat-item-402 cat-parent\"><a href=\"https:\/\/taceart.com\/boutique\/categorie-produit\/produits-eco-responsables\/\">Produits \u00e9co-responsables<\/a><ul class='children'>\n<li class=\"cat-item cat-item-404\"><a href=\"https:\/\/taceart.com\/boutique\/categorie-produit\/produits-eco-responsables\/cosmetiques-bio\/\">Cosm\u00e9tiques bio<\/a><\/li>\n<li class=\"cat-item cat-item-406\"><a href=\"https:\/\/taceart.com\/boutique\/categorie-produit\/produits-eco-responsables\/mobilier-eco-concu\/\">Mobilier \u00e9co-con\u00e7u<\/a><\/li>\n<li class=\"cat-item cat-item-403\"><a href=\"https:\/\/taceart.com\/boutique\/categorie-produit\/produits-eco-responsables\/mode-ethique\/\">Mode \u00e9thique<\/a><\/li>\n<li class=\"cat-item cat-item-405\"><a href=\"https:\/\/taceart.com\/boutique\/categorie-produit\/produits-eco-responsables\/produits-durables-pour-la-maison\/\">Produits durables pour la maison<\/a><\/li>\n<\/ul>\n<\/li>\n<li class=\"cat-item cat-item-407 cat-parent\"><a href=\"https:\/\/taceart.com\/boutique\/categorie-produit\/services\/\">Services<\/a><ul class='children'>\n<li class=\"cat-item cat-item-409\"><a href=\"https:\/\/taceart.com\/boutique\/categorie-produit\/services\/coaching-et-bien-etre\/\">Coaching et bien-\u00eatre<\/a><\/li>\n<li class=\"cat-item cat-item-408\"><a href=\"https:\/\/taceart.com\/boutique\/categorie-produit\/services\/cours-en-ligne\/\">Cours en ligne<\/a><\/li>\n<li class=\"cat-item cat-item-411\"><a href=\"https:\/\/taceart.com\/boutique\/categorie-produit\/services\/livraison-et-installation\/\">Livraison et installation<\/a><\/li>\n<li class=\"cat-item cat-item-410\"><a href=\"https:\/\/taceart.com\/boutique\/categorie-produit\/services\/reparation-et-maintenance\/\">R\u00e9paration et maintenance<\/a><\/li>\n<\/ul>\n<\/li>\n<li class=\"cat-item cat-item-383 cat-parent\"><a href=\"https:\/\/taceart.com\/boutique\/categorie-produit\/sport-et-loisirs\/\">Sport et Loisirs<\/a><ul class='children'>\n<li class=\"cat-item cat-item-384\"><a href=\"https:\/\/taceart.com\/boutique\/categorie-produit\/sport-et-loisirs\/equipement-de-sport\/\">\u00c9quipement de sport<\/a><\/li>\n<li class=\"cat-item cat-item-385\"><a href=\"https:\/\/taceart.com\/boutique\/categorie-produit\/sport-et-loisirs\/fitness-et-musculation\/\">Fitness et Musculation<\/a><\/li>\n<li class=\"cat-item cat-item-387\"><a href=\"https:\/\/taceart.com\/boutique\/categorie-produit\/sport-et-loisirs\/jeux-et-jouets\/\">Jeux et Jouets<\/a><\/li>\n<li class=\"cat-item cat-item-386\"><a href=\"https:\/\/taceart.com\/boutique\/categorie-produit\/sport-et-loisirs\/sports-de-plein-air\/\">Sports de plein air<\/a><\/li>\n<\/ul>\n<\/li>\n<li class=\"cat-item cat-item-357 cat-parent\"><a href=\"https:\/\/taceart.com\/boutique\/categorie-produit\/technologie-et-electronique\/\">Technologie et \u00c9lectronique<\/a><ul class='children'>\n<li class=\"cat-item cat-item-362\"><a href=\"https:\/\/taceart.com\/boutique\/categorie-produit\/technologie-et-electronique\/appareils-photo-et-cameras\/\">Appareils photo et Cam\u00e9ras<\/a><\/li>\n<li class=\"cat-item cat-item-361\"><a href=\"https:\/\/taceart.com\/boutique\/categorie-produit\/technologie-et-electronique\/jeux-video-et-consoles\/\">Jeux vid\u00e9o et Consoles<\/a><\/li>\n<li class=\"cat-item cat-item-359\"><a href=\"https:\/\/taceart.com\/boutique\/categorie-produit\/technologie-et-electronique\/ordinateurs-et-peripheriques\/\">Ordinateurs et P\u00e9riph\u00e9riques<\/a><\/li>\n<li class=\"cat-item cat-item-358\"><a href=\"https:\/\/taceart.com\/boutique\/categorie-produit\/technologie-et-electronique\/smartphones-et-accessoires\/\">Smartphones et Accessoires<\/a><\/li>\n<li class=\"cat-item cat-item-360\"><a href=\"https:\/\/taceart.com\/boutique\/categorie-produit\/technologie-et-electronique\/televisions-et-home-cinema\/\">T\u00e9l\u00e9visions et Home cin\u00e9ma<\/a><\/li>\n<\/ul>\n<\/li>\n<\/ul><\/div>\t\t<\/div>\n\t\t\n","protected":false},"excerpt":{"rendered":"Cat\u00e9gories de produitsAlimentation et Boissons \u00c9picerie fine Nourriture pour animaux Produits bio et naturels Vins et spiritueux Auto et Moto Accessoires auto\/moto GPS et syst\u00e8mes audio Pi\u00e8ces d\u00e9tach\u00e9es Pneus Beaut\u00e9","protected":false},"author":1,"featured_media":0,"parent":0,"menu_order":0,"comment_status":"closed","ping_status":"closed","template":"","meta":{"_acf_changed":false,"footnotes":""},"class_list":["post-2844","page","type-page","status-publish","hentry"],"acf":[],"_links":{"self":[{"href":"https:\/\/taceart.com\/boutique\/wp-json\/wp\/v2\/pages\/2844","targetHints":{"allow":["GET"]}}],"collection":[{"href":"https:\/\/taceart.com\/boutique\/wp-json\/wp\/v2\/pages"}],"about":[{"href":"https:\/\/taceart.com\/boutique\/wp-json\/wp\/v2\/types\/page"}],"author":[{"embeddable":true,"href":"https:\/\/taceart.com\/boutique\/wp-json\/wp\/v2\/users\/1"}],"replies":[{"embeddable":true,"href":"https:\/\/taceart.com\/boutique\/wp-json\/wp\/v2\/comments?post=2844"}],"version-history":[{"count":0,"href":"https:\/\/taceart.com\/boutique\/wp-json\/wp\/v2\/pages\/2844\/revisions"}],"wp:attachment":[{"href":"https:\/\/taceart.com\/boutique\/wp-json\/wp\/v2\/media?parent=2844"}],"curies":[{"name":"wp","href":"https:\/\/api.w.org\/{rel}","templated":true}]}}